{"id":210,"date":"2025-02-19T18:26:13","date_gmt":"2025-02-19T09:26:13","guid":{"rendered":"https:\/\/www.upgate.jp\/trang-dau\/"},"modified":"2025-06-24T18:39:48","modified_gmt":"2025-06-24T09:39:48","slug":"trang-dau","status":"publish","type":"page","link":"https:\/\/www.upgate.jp\/vi\/","title":{"rendered":"Trang \u0111\u1ea7u"},"content":{"rendered":"","protected":false},"excerpt":{"rendered":"","protected":false},"author":1,"featured_media":0,"parent":0,"menu_order":0,"comment_status":"closed","ping_status":"closed","template":"page-top.php","meta":{"_acf_changed":false,"footnotes":""},"class_list":["post-210","page","type-page","status-publish","hentry"],"acf":[],"yoast_head":"<!-- This site is optimized with the Yoast SEO plugin v25.4 - https:\/\/yoast.com\/wordpress\/plugins\/seo\/ -->\n<title>C\u00f4ng ty TNHH Up Gate | Mua b\u00e1n, m\u00f4i gi\u1edbi \u0111\u1ea5t n\u1ec1n, nh\u00e0 ri\u00eang, chung c\u01b0<\/title>\n<meta name=\"robots\" content=\"index, follow, max-snippet:-1, max-image-preview:large, max-video-preview:-1\" \/>\n<link rel=\"canonical\" href=\"https:\/\/www.upgate.jp\/vi\/\" \/>\n<meta property=\"og:locale\" content=\"vi_VN\" \/>\n<meta property=\"og:type\" content=\"article\" \/>\n<meta property=\"og:title\" content=\"C\u00f4ng ty TNHH Up Gate | Mua b\u00e1n, m\u00f4i gi\u1edbi \u0111\u1ea5t n\u1ec1n, nh\u00e0 ri\u00eang, chung c\u01b0\" \/>\n<meta property=\"og:url\" content=\"https:\/\/www.upgate.jp\/vi\/\" \/>\n<meta property=\"og:site_name\" content=\"C\u00f4ng ty TNHH Up Gate\" \/>\n<meta property=\"article:modified_time\" content=\"2025-06-24T09:39:48+00:00\" \/>\n<meta property=\"og:image\" content=\"https:\/\/www.upgate.jp\/wp-content\/uploads\/2025\/06\/ogp.png\" \/>\n\t<meta property=\"og:image:width\" content=\"1200\" \/>\n\t<meta property=\"og:image:height\" content=\"638\" \/>\n\t<meta property=\"og:image:type\" content=\"image\/png\" \/>\n<meta name=\"twitter:card\" content=\"summary_large_image\" \/>\n<script type=\"application\/ld+json\" class=\"yoast-schema-graph\">{\"@context\":\"https:\/\/schema.org\",\"@graph\":[{\"@type\":\"WebPage\",\"@id\":\"https:\/\/www.upgate.jp\/vi\/\",\"url\":\"https:\/\/www.upgate.jp\/vi\/\",\"name\":\"C\u00f4ng ty TNHH Up Gate | Mua b\u00e1n, m\u00f4i gi\u1edbi \u0111\u1ea5t n\u1ec1n, nh\u00e0 ri\u00eang, chung c\u01b0\",\"isPartOf\":{\"@id\":\"https:\/\/www.upgate.jp\/vi\/#website\"},\"datePublished\":\"2025-02-19T09:26:13+00:00\",\"dateModified\":\"2025-06-24T09:39:48+00:00\",\"breadcrumb\":{\"@id\":\"https:\/\/www.upgate.jp\/vi\/#breadcrumb\"},\"inLanguage\":\"vi-VN\",\"potentialAction\":[{\"@type\":\"ReadAction\",\"target\":[\"https:\/\/www.upgate.jp\/vi\/\"]}]},{\"@type\":\"BreadcrumbList\",\"@id\":\"https:\/\/www.upgate.jp\/vi\/#breadcrumb\",\"itemListElement\":[{\"@type\":\"ListItem\",\"position\":1,\"name\":\"\u30db\u30fc\u30e0\",\"item\":\"https:\/\/www.upgate.jp\/vi\/\"},{\"@type\":\"ListItem\",\"position\":2,\"name\":\"Trang \u0111\u1ea7u\"}]},{\"@type\":\"WebSite\",\"@id\":\"https:\/\/www.upgate.jp\/vi\/#website\",\"url\":\"https:\/\/www.upgate.jp\/vi\/\",\"name\":\"C\u00f4ng ty TNHH Up Gate\",\"description\":\"\",\"potentialAction\":[{\"@type\":\"SearchAction\",\"target\":{\"@type\":\"EntryPoint\",\"urlTemplate\":\"https:\/\/www.upgate.jp\/vi\/?s={search_term_string}\"},\"query-input\":{\"@type\":\"PropertyValueSpecification\",\"valueRequired\":true,\"valueName\":\"search_term_string\"}}],\"inLanguage\":\"vi-VN\"}]}<\/script>\n<!-- \/ Yoast SEO plugin. -->","yoast_head_json":{"title":"C\u00f4ng ty TNHH Up Gate | Mua b\u00e1n, m\u00f4i gi\u1edbi \u0111\u1ea5t n\u1ec1n, nh\u00e0 ri\u00eang, chung c\u01b0","robots":{"index":"index","follow":"follow","max-snippet":"max-snippet:-1","max-image-preview":"max-image-preview:large","max-video-preview":"max-video-preview:-1"},"canonical":"https:\/\/www.upgate.jp\/vi\/","og_locale":"vi_VN","og_type":"article","og_title":"C\u00f4ng ty TNHH Up Gate | Mua b\u00e1n, m\u00f4i gi\u1edbi \u0111\u1ea5t n\u1ec1n, nh\u00e0 ri\u00eang, chung c\u01b0","og_url":"https:\/\/www.upgate.jp\/vi\/","og_site_name":"C\u00f4ng ty TNHH Up Gate","article_modified_time":"2025-06-24T09:39:48+00:00","og_image":[{"width":1200,"height":638,"url":"https:\/\/www.upgate.jp\/wp-content\/uploads\/2025\/06\/ogp.png","type":"image\/png"}],"twitter_card":"summary_large_image","schema":{"@context":"https:\/\/schema.org","@graph":[{"@type":"WebPage","@id":"https:\/\/www.upgate.jp\/vi\/","url":"https:\/\/www.upgate.jp\/vi\/","name":"C\u00f4ng ty TNHH Up Gate | Mua b\u00e1n, m\u00f4i gi\u1edbi \u0111\u1ea5t n\u1ec1n, nh\u00e0 ri\u00eang, chung c\u01b0","isPartOf":{"@id":"https:\/\/www.upgate.jp\/vi\/#website"},"datePublished":"2025-02-19T09:26:13+00:00","dateModified":"2025-06-24T09:39:48+00:00","breadcrumb":{"@id":"https:\/\/www.upgate.jp\/vi\/#breadcrumb"},"inLanguage":"vi-VN","potentialAction":[{"@type":"ReadAction","target":["https:\/\/www.upgate.jp\/vi\/"]}]},{"@type":"BreadcrumbList","@id":"https:\/\/www.upgate.jp\/vi\/#breadcrumb","itemListElement":[{"@type":"ListItem","position":1,"name":"\u30db\u30fc\u30e0","item":"https:\/\/www.upgate.jp\/vi\/"},{"@type":"ListItem","position":2,"name":"Trang \u0111\u1ea7u"}]},{"@type":"WebSite","@id":"https:\/\/www.upgate.jp\/vi\/#website","url":"https:\/\/www.upgate.jp\/vi\/","name":"C\u00f4ng ty TNHH Up Gate","description":"","potentialAction":[{"@type":"SearchAction","target":{"@type":"EntryPoint","urlTemplate":"https:\/\/www.upgate.jp\/vi\/?s={search_term_string}"},"query-input":{"@type":"PropertyValueSpecification","valueRequired":true,"valueName":"search_term_string"}}],"inLanguage":"vi-VN"}]}},"_links":{"self":[{"href":"https:\/\/www.upgate.jp\/vi\/wp-json\/wp\/v2\/pages\/210","targetHints":{"allow":["GET"]}}],"collection":[{"href":"https:\/\/www.upgate.jp\/vi\/wp-json\/wp\/v2\/pages"}],"about":[{"href":"https:\/\/www.upgate.jp\/vi\/wp-json\/wp\/v2\/types\/page"}],"author":[{"embeddable":true,"href":"https:\/\/www.upgate.jp\/vi\/wp-json\/wp\/v2\/users\/1"}],"replies":[{"embeddable":true,"href":"https:\/\/www.upgate.jp\/vi\/wp-json\/wp\/v2\/comments?post=210"}],"version-history":[{"count":1,"href":"https:\/\/www.upgate.jp\/vi\/wp-json\/wp\/v2\/pages\/210\/revisions"}],"predecessor-version":[{"id":216,"href":"https:\/\/www.upgate.jp\/vi\/wp-json\/wp\/v2\/pages\/210\/revisions\/216"}],"wp:attachment":[{"href":"https:\/\/www.upgate.jp\/vi\/wp-json\/wp\/v2\/media?parent=210"}],"curies":[{"name":"wp","href":"https:\/\/api.w.org\/{rel}","templated":true}]}}